{"id":332,"date":"2021-03-24T08:11:45","date_gmt":"2021-03-24T07:11:45","guid":{"rendered":"http:\/\/testporaj.ugporaj.pl\/?page_id=332"},"modified":"2021-11-15T08:55:48","modified_gmt":"2021-11-15T07:55:48","slug":"strona-glowna","status":"publish","type":"page","link":"https:\/\/poraj.ugporaj.pl\/","title":{"rendered":"Strona G\u0142\u00f3wna"},"content":{"rendered":"\r\n<div class=\"wp-block-columns is-layout-flex wp-container-core-columns-is-layout-9d6595d7 wp-block-columns-is-layout-flex\">\r\n<h5 class=\"wp-block-column is-layout-flow wp-block-column-is-layout-flow\"><span style=\"color: #337a9f;\"><strong>W\u0142adze<\/strong><\/span><\/h5>\r\n<p class=\"has-text-align-center has-text-color\" style=\"color: #1e9126; font-size: 26px;\"><\/p>\r\n\r\n\r\n\r\n<h5 class=\"wp-block-column is-layout-flow wp-block-column-is-layout-flow\"><span style=\"color: #337a9f;\"><strong>Walory turystyczne<\/strong><\/span><\/h5>\r\n<p class=\"has-text-align-center has-text-color\" style=\"color: #1e9126; font-size: 26px;\"><\/p>\r\n<\/div>\r\n\r\n\r\n\r\n<div class=\"wp-block-columns is-layout-flex wp-container-core-columns-is-layout-9d6595d7 wp-block-columns-is-layout-flex\">\r\n<div class=\"wp-block-column is-vertically-aligned-top is-layout-flow wp-block-column-is-layout-flow\">\r\n<figure class=\"wp-block-image size-large\"><img loading=\"lazy\" decoding=\"async\" class=\"alignnone wp-image-849 size-medium\" src=\"http:\/\/testporaj.ugporaj.pl\/wp-content\/uploads\/2021\/07\/b.caban-001-300x201.jpg\" alt=\"\" width=\"300\" height=\"201\" srcset=\"https:\/\/poraj.ugporaj.pl\/wp-content\/uploads\/2021\/07\/b.caban-001-300x201.jpg 300w, https:\/\/poraj.ugporaj.pl\/wp-content\/uploads\/2021\/07\/b.caban-001.jpg 304w\" sizes=\"auto, (max-width: 300px) 100vw, 300px\" \/>\r\n<figcaption><em><strong>So\u0142tys: Caban Barbara<\/strong><\/em><br \/><em><strong>tel. 34-314 72 56, <\/strong><\/em><br \/><em><strong>kom: 721 524 170<\/strong><\/em><\/figcaption>\r\n<\/figure>\r\n\r\n\r\n\r\n<div class=\"wp-block-buttons is-layout-flex wp-block-buttons-is-layout-flex\">\u00a0<\/div>\r\n<\/div>\r\n\r\n\r\n\r\n<div class=\"wp-block-column is-layout-flow wp-block-column-is-layout-flow\" style=\"flex-basis: 50%;\">\r\n<figure class=\"wp-block-image size-large\"><img loading=\"lazy\" decoding=\"async\" class=\"alignnone wp-image-852 size-medium\" src=\"http:\/\/testporaj.ugporaj.pl\/wp-content\/uploads\/2021\/07\/info1-001-300x201.jpg\" alt=\"\" width=\"300\" height=\"201\" srcset=\"https:\/\/poraj.ugporaj.pl\/wp-content\/uploads\/2021\/07\/info1-001-300x201.jpg 300w, https:\/\/poraj.ugporaj.pl\/wp-content\/uploads\/2021\/07\/info1-001.jpg 304w\" sizes=\"auto, (max-width: 300px) 100vw, 300px\" \/>\r\n<figcaption><strong>Poraj<\/strong>\u00a0to bardzo atrakcyjne, pe\u0142ne urokliwych zak\u0105tk\u00f3w miejsce, stwarzaj\u0105ce mn\u00f3stwo okazji do aktywnego sp\u0119dzania czasu przez ca\u0142y rok.<\/figcaption>\r\n<\/figure>\r\n<\/div>\r\n<\/div>\r\n\r\n\r\n\r\n<div class=\"wp-block-columns is-layout-flex wp-container-core-columns-is-layout-9d6595d7 wp-block-columns-is-layout-flex\">\r\n<div class=\"wp-block-column is-layout-flow wp-block-column-is-layout-flow\">\r\n<p style=\"color: #1e9126;\"><strong><em><a href=\"http:\/\/testporaj.ugporaj.pl\/index.php\/wladze\/\">Czytaj wi\u0119cej&#8230;<\/a><\/em><\/strong><\/p>\r\n<p class=\"has-text-align-right has-text-color has-medium-font-size\" style=\"color: #1e9126;\"><\/p>\r\n<\/div>\r\n\r\n\r\n\r\n<div class=\"wp-block-column is-layout-flow wp-block-column-is-layout-flow\">\r\n<p style=\"color: #1e9126;\"><strong><em><a href=\"http:\/\/testporaj.ugporaj.pl\/index.php\/walory-turystyczne\/\">Czytaj wi\u0119cej&#8230;<\/a><\/em><\/strong><\/p>\r\n<p class=\"has-text-align-right has-text-color has-medium-font-size\" style=\"color: #1e9126;\"><\/p>\r\n<\/div>\r\n<\/div>\r\n\r\n\r\n\r\n<div class=\"wp-block-columns is-layout-flex wp-container-core-columns-is-layout-9d6595d7 wp-block-columns-is-layout-flex\">\r\n<h5 class=\"wp-block-column is-layout-flow wp-block-column-is-layout-flow\"><strong><span style=\"color: #337a9f;\">Po\u0142o\u017cenie<\/span><\/strong><\/h5>\r\n<h1 class=\"has-text-align-center has-text-color\" style=\"color: #1e9126; font-size: 26px;\"><span style=\"color: #337a9f;\"><\/span><\/h1>\r\n<h1><span style=\"color: #337a9f;\">\r\n\r\n<\/span><\/h1>\r\n<h1 class=\"is-layout-flow wp-block-column-is-layout-flow\"><span style=\"color: #337a9f;\"><\/span><\/h1>\r\n<h5 class=\"wp-block-column\"><span style=\"color: #337a9f;\"><strong>Galeria<\/strong><\/span><\/h5>\r\n<p class=\"has-text-align-center has-text-color\" style=\"color: #1e9126; font-size: 26px;\"><\/p>\r\n<\/div>\r\n\r\n\r\n\r\n<div class=\"wp-block-columns is-layout-flex wp-container-core-columns-is-layout-9d6595d7 wp-block-columns-is-layout-flex\">\r\n<div class=\"wp-block-column is-layout-flow wp-block-column-is-layout-flow\">\r\n<figure class=\"wp-block-image size-large\"><img loading=\"lazy\" decoding=\"async\" class=\"alignnone wp-image-854 size-medium\" src=\"http:\/\/testporaj.ugporaj.pl\/wp-content\/uploads\/2021\/07\/maps-001-300x201.jpg\" alt=\"\" width=\"300\" height=\"201\" srcset=\"https:\/\/poraj.ugporaj.pl\/wp-content\/uploads\/2021\/07\/maps-001-300x201.jpg 300w, https:\/\/poraj.ugporaj.pl\/wp-content\/uploads\/2021\/07\/maps-001.jpg 304w\" sizes=\"auto, (max-width: 300px) 100vw, 300px\" \/>\r\n<figcaption><strong>Poraj<\/strong>\u00a0to wie\u015b po\u0142o\u017cona w powiecie myszkowskim w wojew\u00f3dztwie \u015bl\u0105skim. Obecnie liczy sobie 4439 mieszka\u0144c\u00f3w. Pod wzgl\u0119dem geograficznym Poraj znajduje si\u0119 w obr\u0119bie makroregionu Wy\u017cyny Krakowsko &#8211; Cz\u0119stochowskiej.<\/figcaption>\r\n<\/figure>\r\n<\/div>\r\n\r\n\r\n\r\n<div class=\"wp-block-column is-layout-flow wp-block-column-is-layout-flow\">\r\n<figure class=\"wp-block-image size-large\"><img loading=\"lazy\" decoding=\"async\" class=\"alignnone wp-image-850 size-medium\" src=\"http:\/\/testporaj.ugporaj.pl\/wp-content\/uploads\/2021\/07\/gallery-001-300x201.jpg\" alt=\"\" width=\"300\" height=\"201\" srcset=\"https:\/\/poraj.ugporaj.pl\/wp-content\/uploads\/2021\/07\/gallery-001-300x201.jpg 300w, https:\/\/poraj.ugporaj.pl\/wp-content\/uploads\/2021\/07\/gallery-001.jpg 304w\" sizes=\"auto, (max-width: 300px) 100vw, 300px\" \/>\r\n<figcaption>Zapraszamy do odwiedzenia galerii w kt\u00f3rej znajduje si\u0119 wiele ciekawych zdj\u0119\u0107<\/figcaption>\r\n<\/figure>\r\n<\/div>\r\n<\/div>\r\n\r\n\r\n\r\n<div class=\"wp-block-columns is-layout-flex wp-container-core-columns-is-layout-9d6595d7 wp-block-columns-is-layout-flex\">\r\n<div class=\"wp-block-column is-layout-flow wp-block-column-is-layout-flow\">\r\n<p style=\"color: #1e9126;\"><em><span style=\"color: #337a9f;\"><strong><a style=\"color: #337a9f;\" href=\"http:\/\/testporaj.ugporaj.pl\/index.php\/polozenie\/\">Czytaj wi\u0119cej..<\/a>.<\/strong><\/span><\/em><\/p>\r\n<p class=\"has-text-align-right has-text-color has-medium-font-size\" style=\"color: #1e9126;\"><em><span style=\"color: #337a9f;\"><\/span><\/em><\/p>\r\n<\/div>\r\n<em><span style=\"color: #337a9f;\">\r\n\r\n<\/span><\/em>\r\n<div class=\"wp-block-column is-layout-flow wp-block-column-is-layout-flow\"><em><span style=\"color: #337a9f;\"><\/span><\/em>\r\n<p style=\"color: #1e9126;\"><em><span style=\"color: #337a9f;\"><strong><a style=\"color: #337a9f;\" href=\"http:\/\/testporaj.ugporaj.pl\/index.php\/galeria\/\">Czytaj wi\u0119cej&#8230;<\/a><\/strong><\/span><\/em><\/p>\r\n<p class=\"has-text-align-right has-text-color has-medium-font-size\" style=\"color: #1e9126;\"><span style=\"color: #337a9f;\"><\/span><\/p>\r\n<\/div>\r\n<span style=\"color: #337a9f;\"><\/span><\/div>\r\n<div class=\"wp-block-columns\"><span style=\"color: #337a9f;\"><\/span>\r\n<h5 class=\"wp-block-column is-layout-flow wp-block-column-is-layout-flow\"><span style=\"color: #337a9f;\"><\/span><span style=\"color: #337a9f;\"><strong>Historia<\/strong><\/span><\/h5>\r\n<h1 class=\"has-text-align-center has-text-color\" style=\"color: #1e9126; font-size: 26px;\"><span style=\"color: #337a9f;\"><\/span><\/h1>\r\n<h1><span style=\"color: #337a9f;\">\r\n\r\n<\/span><\/h1>\r\n<h1 class=\"is-layout-flow wp-block-column-is-layout-flow\"><span style=\"color: #337a9f;\"><\/span><\/h1>\r\n<h5 class=\"wp-block-column\"><span style=\"color: #337a9f;\"><strong>Informacje og\u00f3lne<\/strong><\/span><\/h5>\r\n<p class=\"has-text-align-center has-text-color\" style=\"color: #1e9126; font-size: 26px;\"><\/p>\r\n<\/div>\r\n\r\n\r\n\r\n<div class=\"wp-block-columns is-layout-flex wp-container-core-columns-is-layout-9d6595d7 wp-block-columns-is-layout-flex\">\r\n<div class=\"wp-block-column is-layout-flow wp-block-column-is-layout-flow\">\r\n<figure class=\"wp-block-image size-large\"><img loading=\"lazy\" decoding=\"async\" class=\"alignnone wp-image-851 size-medium\" src=\"http:\/\/testporaj.ugporaj.pl\/wp-content\/uploads\/2021\/07\/history-001-300x201.jpg\" alt=\"\" width=\"300\" height=\"201\" srcset=\"https:\/\/poraj.ugporaj.pl\/wp-content\/uploads\/2021\/07\/history-001-300x201.jpg 300w, https:\/\/poraj.ugporaj.pl\/wp-content\/uploads\/2021\/07\/history-001.jpg 304w\" sizes=\"auto, (max-width: 300px) 100vw, 300px\" \/>\r\n<figcaption>Miejscowo\u015b\u0107 Poraj pojawi\u0142a si\u0119 na widowni historycznej w 1496r. Starosta krzepicki Stanis\u0142aw z Kurozw\u0119k, syn Dobies\u0142awa, z polecenia kr\u00f3la Jana Olbrachta, zak\u0142ada w ma\u0142ej osadzie, po\u0142o\u017conej w\u015br\u00f3d las\u00f3w, dwie mile na po\u0142udnie od Cz\u0119stochowy stadnin\u0119 koni.<\/figcaption>\r\n<\/figure>\r\n<\/div>\r\n\r\n\r\n\r\n<div class=\"wp-block-column is-layout-flow wp-block-column-is-layout-flow\">\r\n<figure class=\"wp-block-image size-large\"><img loading=\"lazy\" decoding=\"async\" class=\"alignnone wp-image-853 size-medium\" src=\"http:\/\/testporaj.ugporaj.pl\/wp-content\/uploads\/2021\/07\/info2-001-300x201.jpg\" alt=\"\" width=\"300\" height=\"201\" srcset=\"https:\/\/poraj.ugporaj.pl\/wp-content\/uploads\/2021\/07\/info2-001-300x201.jpg 300w, https:\/\/poraj.ugporaj.pl\/wp-content\/uploads\/2021\/07\/info2-001.jpg 304w\" sizes=\"auto, (max-width: 300px) 100vw, 300px\" \/>\r\n<figcaption>\u00a0<strong>Poraj<\/strong>\u00a0jest wsi\u0105 m\u0142od\u0105, bo licz\u0105c\u0105 niewiele ponad 150 lat. Jej dynamiczny rozw\u00f3j zacz\u0105\u0142 si\u0119 od roku 1847, gdy w Poraju zbudowano stacj\u0119 przy tzw. Warszawsko \u2013 Wiede\u0144skiej linii kolejowej.<\/figcaption>\r\n<\/figure>\r\n<\/div>\r\n<\/div>\r\n\r\n\r\n\r\n<div class=\"wp-block-columns is-layout-flex wp-container-core-columns-is-layout-9d6595d7 wp-block-columns-is-layout-flex\">\r\n<div class=\"wp-block-column is-layout-flow wp-block-column-is-layout-flow\">\r\n<p style=\"color: #1e9126;\"><strong><em><a href=\"http:\/\/testporaj.ugporaj.pl\/index.php\/historia\/\">Czytaj wi\u0119cej&#8230;<\/a><\/em><\/strong><\/p>\r\n<p class=\"has-text-align-right has-text-color has-medium-font-size\" style=\"color: #1e9126;\"><\/p>\r\n<\/div>\r\n\r\n\r\n\r\n<div class=\"wp-block-column is-layout-flow wp-block-column-is-layout-flow\">\r\n<p style=\"color: #1e9126;\"><strong><em><a href=\"http:\/\/testporaj.ugporaj.pl\/index.php\/informacje-ogolne\/\">Czytaj wi\u0119cej&#8230;<\/a><\/em><\/strong><\/p>\r\n<p class=\"has-text-align-right has-text-color has-medium-font-size\" style=\"color: #1e9126;\"><\/p>\r\n<\/div>\r\n<\/div>\r\n\r\n\r\n\r\n<p>&nbsp;<\/p>\r\n","protected":false},"excerpt":{"rendered":"<p>W\u0142adze Walory turystyczne Czytaj wi\u0119cej&#8230; Czytaj wi\u0119cej&#8230; Po\u0142o\u017cenie Galeria Czytaj wi\u0119cej&#8230; Czytaj wi\u0119cej&#8230; Historia Informacje og\u00f3lne Czytaj wi\u0119cej&#8230; Czytaj wi\u0119cej&#8230; &nbsp;<\/p>\n","protected":false},"author":1,"featured_media":0,"parent":0,"menu_order":0,"comment_status":"closed","ping_status":"closed","template":"elementor_theme","meta":{"footnotes":""},"class_list":["post-332","page","type-page","status-publish","hentry"],"_links":{"self":[{"href":"https:\/\/poraj.ugporaj.pl\/index.php\/wp-json\/wp\/v2\/pages\/332","targetHints":{"allow":["GET"]}}],"collection":[{"href":"https:\/\/poraj.ugporaj.pl\/index.php\/wp-json\/wp\/v2\/pages"}],"about":[{"href":"https:\/\/poraj.ugporaj.pl\/index.php\/wp-json\/wp\/v2\/types\/page"}],"author":[{"embeddable":true,"href":"https:\/\/poraj.ugporaj.pl\/index.php\/wp-json\/wp\/v2\/users\/1"}],"replies":[{"embeddable":true,"href":"https:\/\/poraj.ugporaj.pl\/index.php\/wp-json\/wp\/v2\/comments?post=332"}],"version-history":[{"count":130,"href":"https:\/\/poraj.ugporaj.pl\/index.php\/wp-json\/wp\/v2\/pages\/332\/revisions"}],"predecessor-version":[{"id":883,"href":"https:\/\/poraj.ugporaj.pl\/index.php\/wp-json\/wp\/v2\/pages\/332\/revisions\/883"}],"wp:attachment":[{"href":"https:\/\/poraj.ugporaj.pl\/index.php\/wp-json\/wp\/v2\/media?parent=332"}],"curies":[{"name":"wp","href":"https:\/\/api.w.org\/{rel}","templated":true}]}}